{"id":678,"date":"2020-09-23T07:50:28","date_gmt":"2020-09-23T07:50:28","guid":{"rendered":"https:\/\/oms-metal.com\/kvaliteta\/"},"modified":"2023-03-14T08:21:21","modified_gmt":"2023-03-14T08:21:21","slug":"qualita","status":"publish","type":"page","link":"https:\/\/oms-metal.com\/it\/qualita\/","title":{"rendered":"Qualit\u00e0"},"content":{"rendered":"<p>[vc_row full_width=&#8221;stretch_row&#8221; css=&#8221;.vc_custom_1600860471544{background-image: url(https:\/\/oms-metal.com\/wp-content\/uploads\/2020\/09\/home-slika.jpg?id=104) !important;background-position: center !important;background-repeat: no-repeat !important;background-size: cover !important;}&#8221;][vc_column]<div class=\"cz_gap clr  hide_on_tablet hide_on_mobile\" style=\"height: 200px\"><\/div><div class=\"cz_gap show_on_tablet clr  show_only_tablet\" style=\"height: 150px\"><\/div><div class=\"cz_gap show_on_mobile clr\" style=\"height: 150px\"><\/div><div id=\"cz_65124\" class=\"cz_65124 cz_title clr cz_title_pos_inline tac\"><div class=\"cz_title_content\"><div class=\"cz_wpe_content\"><h1 style=\"text-align: center;\"><span style=\"color: #ffffff;\">Qualit\u00e0<\/span><\/h1>\n<\/div><\/div><\/div><div class=\"cz_gap clr  hide_on_tablet hide_on_mobile\" style=\"height: 110px\"><\/div><div class=\"cz_gap show_on_tablet clr  show_only_tablet\" style=\"height: 110px\"><\/div><div class=\"cz_gap show_on_mobile clr\" style=\"height: 75px\"><\/div>[\/vc_column][\/vc_row][vc_row][vc_column]<div class=\"cz_gap clr  hide_on_tablet hide_on_mobile\" style=\"height: 75px\"><\/div><div class=\"cz_gap show_on_tablet clr  show_only_tablet\" style=\"height: 55px\"><\/div><div class=\"cz_gap show_on_mobile clr\" style=\"height: 35px\"><\/div><div id=\"cz_16109\" class=\"cz_16109 cz_title clr cz_title_pos_inline tac\"><div class=\"cz_title_content\"><div class=\"cz_wpe_content\"><p style=\"text-align: center;\">Il successo a lungo termine di un\u2019azienda non dipende esclusivamente dalla qualit\u00e0 del prodotto, dalle capacit\u00e0 delle loro risorse o dalle prestazioni aziendali in in determinato momento. La garanzia della qualit\u00e0 a lungo termine risiede in un approccio sistematico di gestione.<\/p>\n<p style=\"text-align: center;\">Il nostro sistema di gestione ci fornisce un quadro per lo sviluppo innovativo basato sui principi della tutela dell\u2019ambiente, prevenzione dell&#8217;inquinamento e la tutela delle risorse naturali.<\/p>\n<\/div><\/div><\/div>[\/vc_column][\/vc_row]<\/p>\n","protected":false},"excerpt":{"rendered":"<p>[vc_row full_width=&#8221;stretch_row&#8221; css=&#8221;.vc_custom_1600860471544{background-image: url(https:\/\/oms-metal.com\/wp-content\/uploads\/2020\/09\/home-slika.jpg?id=104) !important;background-position: center !important;background-repeat: no-repeat !important;background-size: cover !important;}&#8221;][vc_column][\/vc_column][\/vc_row][vc_row][vc_column][\/vc_column][\/vc_row] &#8230; <\/p>\n","protected":false},"author":1,"featured_media":0,"parent":0,"menu_order":0,"comment_status":"closed","ping_status":"closed","template":"","meta":[],"_links":{"self":[{"href":"https:\/\/oms-metal.com\/it\/wp-json\/wp\/v2\/pages\/678"}],"collection":[{"href":"https:\/\/oms-metal.com\/it\/wp-json\/wp\/v2\/pages"}],"about":[{"href":"https:\/\/oms-metal.com\/it\/wp-json\/wp\/v2\/types\/page"}],"author":[{"embeddable":true,"href":"https:\/\/oms-metal.com\/it\/wp-json\/wp\/v2\/users\/1"}],"replies":[{"embeddable":true,"href":"https:\/\/oms-metal.com\/it\/wp-json\/wp\/v2\/comments?post=678"}],"version-history":[{"count":2,"href":"https:\/\/oms-metal.com\/it\/wp-json\/wp\/v2\/pages\/678\/revisions"}],"predecessor-version":[{"id":680,"href":"https:\/\/oms-metal.com\/it\/wp-json\/wp\/v2\/pages\/678\/revisions\/680"}],"wp:attachment":[{"href":"https:\/\/oms-metal.com\/it\/wp-json\/wp\/v2\/media?parent=678"}],"curies":[{"name":"wp","href":"https:\/\/api.w.org\/{rel}","templated":true}]}}