{"id":676,"date":"2020-09-23T07:50:13","date_gmt":"2020-09-23T07:50:13","guid":{"rendered":"https:\/\/oms-metal.com\/tim\/"},"modified":"2023-03-14T08:57:50","modified_gmt":"2023-03-14T08:57:50","slug":"la-nostra-squadra","status":"publish","type":"page","link":"https:\/\/oms-metal.com\/it\/la-nostra-squadra\/","title":{"rendered":"La nostra squadra"},"content":{"rendered":"<p>[vc_row full_width=&#8221;stretch_row&#8221; css=&#8221;.vc_custom_1600860471544{background-image: url(https:\/\/oms-metal.com\/wp-content\/uploads\/2020\/09\/home-slika.jpg?id=104) !important;background-position: center !important;background-repeat: no-repeat !important;background-size: cover !important;}&#8221;][vc_column]<div class=\"cz_gap clr  hide_on_tablet hide_on_mobile\" style=\"height: 200px\"><\/div><div class=\"cz_gap show_on_tablet clr  show_only_tablet\" style=\"height: 150px\"><\/div><div class=\"cz_gap show_on_mobile clr\" style=\"height: 150px\"><\/div><div id=\"cz_100986\" class=\"cz_100986 cz_title clr cz_title_pos_inline tac\"><div class=\"cz_title_content\"><div class=\"cz_wpe_content\"><h1 style=\"text-align: center;\"><span style=\"color: #ffffff;\">La nostra squadra<\/span><\/h1>\n<\/div><\/div><\/div><div class=\"cz_gap clr  hide_on_tablet hide_on_mobile\" style=\"height: 110px\"><\/div><div class=\"cz_gap show_on_tablet clr  show_only_tablet\" style=\"height: 110px\"><\/div><div class=\"cz_gap show_on_mobile clr\" style=\"height: 75px\"><\/div>[\/vc_column][\/vc_row][vc_row][vc_column]<div class=\"cz_gap clr  hide_on_tablet hide_on_mobile\" style=\"height: 75px\"><\/div><div class=\"cz_gap show_on_tablet clr  show_only_tablet\" style=\"height: 55px\"><\/div><div class=\"cz_gap show_on_mobile clr\" style=\"height: 35px\"><\/div><div id=\"cz_81461\" class=\"cz_81461 cz_title clr cz_title_pos_inline tac\"><div class=\"cz_title_content\"><div class=\"cz_wpe_content\"><p style=\"text-align: center;\">OMS-METAL rappresenta principalmente la dedizione dei nostri collaboratori. Valorizziamo la nostra squadra investendo frequentemente nel monitoraggio del mercato e delle nuove esigenze, formando i nostri collaboratori ampliando le loro conoscenze, le competenze, la conoscenza del mercato, la qualit\u00e0 del servizio fornito, le soluzioni tecniche e la velocit\u00e0 e la precisione, il che si traduce nella qualit\u00e0 e nella competitivit\u00e0 dei nostri prodotti.<\/p>\n<p style=\"text-align: center;\">Ci auspichiamo che anche la vostra azienda possa figurare tra coloro che hanno avuto modo di sperimentare le nostre qualit\u00e0. Desideriamo creare una collaborazione di successo con soddisfazione reciproca.<\/p>\n<\/div><\/div><\/div>[\/vc_column][\/vc_row]<\/p>\n","protected":false},"excerpt":{"rendered":"<p>[vc_row full_width=&#8221;stretch_row&#8221; css=&#8221;.vc_custom_1600860471544{background-image: url(https:\/\/oms-metal.com\/wp-content\/uploads\/2020\/09\/home-slika.jpg?id=104) !important;background-position: center !important;background-repeat: no-repeat !important;background-size: cover !important;}&#8221;][vc_column][\/vc_column][\/vc_row][vc_row][vc_column][\/vc_column][\/vc_row] &#8230; <\/p>\n","protected":false},"author":1,"featured_media":0,"parent":0,"menu_order":0,"comment_status":"closed","ping_status":"closed","template":"","meta":[],"_links":{"self":[{"href":"https:\/\/oms-metal.com\/it\/wp-json\/wp\/v2\/pages\/676"}],"collection":[{"href":"https:\/\/oms-metal.com\/it\/wp-json\/wp\/v2\/pages"}],"about":[{"href":"https:\/\/oms-metal.com\/it\/wp-json\/wp\/v2\/types\/page"}],"author":[{"embeddable":true,"href":"https:\/\/oms-metal.com\/it\/wp-json\/wp\/v2\/users\/1"}],"replies":[{"embeddable":true,"href":"https:\/\/oms-metal.com\/it\/wp-json\/wp\/v2\/comments?post=676"}],"version-history":[{"count":2,"href":"https:\/\/oms-metal.com\/it\/wp-json\/wp\/v2\/pages\/676\/revisions"}],"predecessor-version":[{"id":741,"href":"https:\/\/oms-metal.com\/it\/wp-json\/wp\/v2\/pages\/676\/revisions\/741"}],"wp:attachment":[{"href":"https:\/\/oms-metal.com\/it\/wp-json\/wp\/v2\/media?parent=676"}],"curies":[{"name":"wp","href":"https:\/\/api.w.org\/{rel}","templated":true}]}}