{"id":668,"date":"2020-09-23T07:49:35","date_gmt":"2020-09-23T07:49:35","guid":{"rendered":"https:\/\/oms-metal.com\/povijest\/"},"modified":"2023-03-14T08:57:00","modified_gmt":"2023-03-14T08:57:00","slug":"la-nostra-storia","status":"publish","type":"page","link":"https:\/\/oms-metal.com\/it\/la-nostra-storia\/","title":{"rendered":"La nostra storia"},"content":{"rendered":"<p>[vc_row full_width=&#8221;stretch_row&#8221; css=&#8221;.vc_custom_1600860471544{background-image: url(https:\/\/oms-metal.com\/wp-content\/uploads\/2020\/09\/home-slika.jpg?id=104) !important;background-position: center !important;background-repeat: no-repeat !important;background-size: cover !important;}&#8221;][vc_column]<div class=\"cz_gap clr  hide_on_tablet hide_on_mobile\" style=\"height: 200px\"><\/div><div class=\"cz_gap show_on_tablet clr  show_only_tablet\" style=\"height: 150px\"><\/div><div class=\"cz_gap show_on_mobile clr\" style=\"height: 150px\"><\/div><div id=\"cz_17792\" class=\"cz_17792 cz_title clr cz_title_pos_inline tac\"><div class=\"cz_title_content\"><div class=\"cz_wpe_content\"><h1 style=\"text-align: center;\"><span style=\"color: #ffffff;\">La nostra storia<\/span><\/h1>\n<\/div><\/div><\/div><div class=\"cz_gap clr  hide_on_tablet hide_on_mobile\" style=\"height: 110px\"><\/div><div class=\"cz_gap show_on_tablet clr  show_only_tablet\" style=\"height: 110px\"><\/div><div class=\"cz_gap show_on_mobile clr\" style=\"height: 75px\"><\/div>[\/vc_column][\/vc_row][vc_row][vc_column]<div class=\"cz_gap clr  hide_on_tablet hide_on_mobile\" style=\"height: 75px\"><\/div><div class=\"cz_gap show_on_tablet clr  show_only_tablet\" style=\"height: 55px\"><\/div><div class=\"cz_gap show_on_mobile clr\" style=\"height: 35px\"><\/div><div id=\"cz_23938\" class=\"cz_23938 cz_title clr cz_title_pos_inline tac\"><div class=\"cz_title_content\"><div class=\"cz_wpe_content\"><h3 style=\"text-align: center;\">Chi siamo<\/h3>\n<p style=\"text-align: center;\">La nostra azienda \u00e8 stata fondata nel 2005 ed sin dall\u2019inizio \u00e8 molto ben inserita nel settore professionale di appartenenza con una presenza crescente sul mercato internazionale. In particolare, siamo orgogliosi di poter offrire un servizio completo del ciclo produttivo il quale garantisce la massima precisione in tutte le fasi del ciclo progettuale, a partire dalla realizzazione del disegno tecnico fino alla creazione del prodotto finito.<\/p>\n<\/div><\/div><\/div>[vc_row_inner][vc_column_inner]<div class=\"cz_gap clr  hide_on_tablet hide_on_mobile\" style=\"height: 55px\"><\/div><div class=\"cz_gap show_on_tablet clr  show_only_tablet\" style=\"height: 55px\"><\/div><div class=\"cz_gap show_on_mobile clr\" style=\"height: 55px\"><\/div>[\/vc_column_inner][vc_column_inner width=&#8221;1\/2&#8243;][vc_column_text]<\/p>\n<h3 style=\"text-align: center;\">LA NOSTRA MISSIONE<\/h3>\n<p style=\"text-align: center;\">La qualit\u00e0 \u00e8 la nostra priorit\u00e0 e ne consegue che la nostra missione \u00e8 quella di fornire ai nostri clienti servizi di lavorazione dei metalli di alta qualit\u00e0 con limitazioni di tempo ridotte al minimo e con la massima e garantita soddisfazione del cliente.<\/p>\n<p>[\/vc_column_text][\/vc_column_inner][vc_column_inner width=&#8221;1\/2&#8243;][vc_column_text]<\/p>\n<h3 style=\"text-align: center;\">LA NOSTRA VISIONE<\/h3>\n<p style=\"text-align: center;\">Vogliamo diventare una delle aziende leader sul mercato internazionale nella fornitura di servizi di lavorazione dei metalli di alta qualit\u00e0 grazie all&#8217;espansione del parco macchine, allo spazio a disposizione per le lavorazioni e agli investimenti nelle risorse umane.<\/p>\n<p>[\/vc_column_text][\/vc_column_inner][\/vc_row_inner][\/vc_column][vc_column][\/vc_column][\/vc_row]<\/p>\n","protected":false},"excerpt":{"rendered":"<p>[vc_row full_width=&#8221;stretch_row&#8221; css=&#8221;.vc_custom_1600860471544{background-image: url(https:\/\/oms-metal.com\/wp-content\/uploads\/2020\/09\/home-slika.jpg?id=104) !important;background-position: center !important;background-repeat: no-repeat !important;background-size: cover !important;}&#8221;][vc_column][\/vc_column][\/vc_row][vc_row][vc_column][vc_row_inner][vc_column_inner][\/vc_column_inner][vc_column_inner &#8230; <\/p>\n","protected":false},"author":1,"featured_media":0,"parent":0,"menu_order":0,"comment_status":"closed","ping_status":"closed","template":"","meta":[],"_links":{"self":[{"href":"https:\/\/oms-metal.com\/it\/wp-json\/wp\/v2\/pages\/668"}],"collection":[{"href":"https:\/\/oms-metal.com\/it\/wp-json\/wp\/v2\/pages"}],"about":[{"href":"https:\/\/oms-metal.com\/it\/wp-json\/wp\/v2\/types\/page"}],"author":[{"embeddable":true,"href":"https:\/\/oms-metal.com\/it\/wp-json\/wp\/v2\/users\/1"}],"replies":[{"embeddable":true,"href":"https:\/\/oms-metal.com\/it\/wp-json\/wp\/v2\/comments?post=668"}],"version-history":[{"count":5,"href":"https:\/\/oms-metal.com\/it\/wp-json\/wp\/v2\/pages\/668\/revisions"}],"predecessor-version":[{"id":739,"href":"https:\/\/oms-metal.com\/it\/wp-json\/wp\/v2\/pages\/668\/revisions\/739"}],"wp:attachment":[{"href":"https:\/\/oms-metal.com\/it\/wp-json\/wp\/v2\/media?parent=668"}],"curies":[{"name":"wp","href":"https:\/\/api.w.org\/{rel}","templated":true}]}}