{"id":432,"date":"2020-09-23T07:51:47","date_gmt":"2020-09-23T07:51:47","guid":{"rendered":"https:\/\/oms-metal.com\/zastita-metala\/"},"modified":"2020-10-20T05:59:27","modified_gmt":"2020-10-20T05:59:27","slug":"metallschutz","status":"publish","type":"page","link":"https:\/\/oms-metal.com\/de\/metallschutz\/","title":{"rendered":"Metallschutz"},"content":{"rendered":"<p>[vc_row full_width=&#8220;stretch_row&#8220; css=&#8220;.vc_custom_1600927994012{background-image: url(https:\/\/oms-metal.com\/wp-content\/uploads\/2020\/09\/zastita-metala-title.jpg?id=196) !important;background-position: center !important;background-repeat: no-repeat !important;background-size: cover !important;}&#8220;][vc_column]<div class=\"cz_gap clr  hide_on_tablet hide_on_mobile\" style=\"height: 200px\"><\/div><div class=\"cz_gap show_on_tablet clr  show_only_tablet\" style=\"height: 150px\"><\/div><div class=\"cz_gap show_on_mobile clr\" style=\"height: 150px\"><\/div><div id=\"cz_56881\" class=\"cz_56881 cz_title clr cz_title_pos_inline tac\"><div class=\"cz_title_content\"><div class=\"cz_wpe_content\"><h1 style=\"text-align: center;\"><span style=\"color: #ffffff;\">Metallschutz<\/span><\/h1>\n<\/div><\/div><\/div><div class=\"cz_gap clr  hide_on_tablet hide_on_mobile\" style=\"height: 110px\"><\/div><div class=\"cz_gap show_on_tablet clr  show_only_tablet\" style=\"height: 110px\"><\/div><div class=\"cz_gap show_on_mobile clr\" style=\"height: 75px\"><\/div>[\/vc_column][\/vc_row][vc_row][vc_column]<div class=\"cz_gap clr  hide_on_tablet hide_on_mobile\" style=\"height: 75px\"><\/div><div class=\"cz_gap show_on_tablet clr  show_only_tablet\" style=\"height: 55px\"><\/div><div class=\"cz_gap show_on_mobile clr\" style=\"height: 35px\"><\/div><div id=\"cz_72719\" class=\"cz_72719 cz_title clr cz_title_pos_inline\"><div class=\"cz_title_content\"><div class=\"cz_wpe_content\"><p>In Zusammenarbeit mit unseren langj\u00e4hrigen Partnern f\u00fchren wir die Korrosionsschutzverfahren f\u00fcr Industrie durch, angefangen von kleinen Positionen bis ganzen Industrieanlagen, indem wir den ganzen Zyklus der Vorbereitung von Positionen f\u00fcr Aufbringen von Farbschutzschichten sowie die Installation von Produkten und Verfahren f\u00fcr andere Korrosionsschutzsysteme f\u00fcr Metall und andere thermische Prozesse beachten. <\/p>\n<\/div><\/div><\/div>[\/vc_column][\/vc_row]<\/p>\n","protected":false},"excerpt":{"rendered":"<p>[vc_row full_width=&#8220;stretch_row&#8220; css=&#8220;.vc_custom_1600927994012{background-image: url(https:\/\/oms-metal.com\/wp-content\/uploads\/2020\/09\/zastita-metala-title.jpg?id=196) !important;background-position: center !important;background-repeat: no-repeat !important;background-size: cover !important;}&#8220;][vc_column][\/vc_column][\/vc_row][vc_row][vc_column][\/vc_column][\/vc_row] &#8230; <\/p>\n","protected":false},"author":1,"featured_media":0,"parent":0,"menu_order":0,"comment_status":"closed","ping_status":"closed","template":"","meta":[],"_links":{"self":[{"href":"https:\/\/oms-metal.com\/de\/wp-json\/wp\/v2\/pages\/432"}],"collection":[{"href":"https:\/\/oms-metal.com\/de\/wp-json\/wp\/v2\/pages"}],"about":[{"href":"https:\/\/oms-metal.com\/de\/wp-json\/wp\/v2\/types\/page"}],"author":[{"embeddable":true,"href":"https:\/\/oms-metal.com\/de\/wp-json\/wp\/v2\/users\/1"}],"replies":[{"embeddable":true,"href":"https:\/\/oms-metal.com\/de\/wp-json\/wp\/v2\/comments?post=432"}],"version-history":[{"count":2,"href":"https:\/\/oms-metal.com\/de\/wp-json\/wp\/v2\/pages\/432\/revisions"}],"predecessor-version":[{"id":436,"href":"https:\/\/oms-metal.com\/de\/wp-json\/wp\/v2\/pages\/432\/revisions\/436"}],"wp:attachment":[{"href":"https:\/\/oms-metal.com\/de\/wp-json\/wp\/v2\/media?parent=432"}],"curies":[{"name":"wp","href":"https:\/\/api.w.org\/{rel}","templated":true}]}}