{"id":409,"date":"2020-09-25T07:10:43","date_gmt":"2020-09-25T07:10:43","guid":{"rendered":"https:\/\/oms-metal.com\/razrada-i-projetiranje\/"},"modified":"2020-10-20T05:44:29","modified_gmt":"2020-10-20T05:44:29","slug":"ausarbeitung-und-projektierung","status":"publish","type":"page","link":"https:\/\/oms-metal.com\/de\/ausarbeitung-und-projektierung\/","title":{"rendered":"Ausarbeitung und projektierung"},"content":{"rendered":"<p>[vc_row full_width=&#8220;stretch_row&#8220; css=&#8220;.vc_custom_1600860471544{background-image: url(https:\/\/oms-metal.com\/wp-content\/uploads\/2020\/09\/home-slika.jpg?id=104) !important;background-position: center !important;background-repeat: no-repeat !important;background-size: cover !important;}&#8220;][vc_column]<div class=\"cz_gap clr  hide_on_tablet hide_on_mobile\" style=\"height: 200px\"><\/div><div class=\"cz_gap show_on_tablet clr  show_only_tablet\" style=\"height: 150px\"><\/div><div class=\"cz_gap show_on_mobile clr\" style=\"height: 150px\"><\/div><div id=\"cz_105517\" class=\"cz_105517 cz_title clr cz_title_pos_inline tac\"><div class=\"cz_title_content\"><div class=\"cz_wpe_content\"><h1 style=\"text-align: center;\"><span style=\"color: #ffffff;\">Ausarbeitung und projektierung<\/span><\/h1>\n<\/div><\/div><\/div><div class=\"cz_gap clr  hide_on_tablet hide_on_mobile\" style=\"height: 110px\"><\/div><div class=\"cz_gap show_on_tablet clr  show_only_tablet\" style=\"height: 110px\"><\/div><div class=\"cz_gap show_on_mobile clr\" style=\"height: 75px\"><\/div>[\/vc_column][\/vc_row][vc_row][vc_column]<div class=\"cz_gap clr  hide_on_tablet hide_on_mobile\" style=\"height: 75px\"><\/div><div class=\"cz_gap show_on_tablet clr  show_only_tablet\" style=\"height: 55px\"><\/div><div class=\"cz_gap show_on_mobile clr\" style=\"height: 35px\"><\/div><div id=\"cz_23503\" class=\"cz_23503 cz_title clr cz_title_pos_inline\"><div class=\"cz_title_content\"><div class=\"cz_wpe_content\"><p>Die Ausarbeitung und Projektierung beruhen auf der Anwendung der modernen Programmierwerkzeuge.<\/p>\n<p>Die Projektierung und Ausarbeitung von Entw\u00fcrfen erfolgen gem\u00e4\u00df der zugestellten Dokumentation. Die Erstellung von Entw\u00fcrfen verl\u00e4uft nach den zugestellten Mustern. Die Vorbereitung technischer Entw\u00fcrfe f\u00fcr den Herstellungsprozess. Wir passen uns den erwarteten Fristen an, um Herstellungs- und Montageanforderungen zu erf\u00fcllen und die Einhaltung der Fristen f\u00fcr Projekte und Endmontage rechtzeitig zu erm\u00f6glichen.<\/p>\n<p>&nbsp;<\/p>\n<ul>\n<li>Konstruktionsl\u00f6sungen.<\/li>\n<li>Maschinenm\u00e4\u00dfig bearbeitete Teile.<\/li>\n<li>Vorbereitung f\u00fcr Plasma-, Laser- und Wasserstrahlschneiden.<\/li>\n<li>Ausarbeitung f\u00fcrs Biegen.<\/li>\n<li>Herstellung und Montage von fertigen Baugruppen.<\/li>\n<li>Oberfl\u00e4chenschutz von Metallen<\/li>\n<\/ul>\n<\/div><\/div><\/div>[\/vc_column][\/vc_row]<\/p>\n","protected":false},"excerpt":{"rendered":"<p>[vc_row full_width=&#8220;stretch_row&#8220; css=&#8220;.vc_custom_1600860471544{background-image: url(https:\/\/oms-metal.com\/wp-content\/uploads\/2020\/09\/home-slika.jpg?id=104) !important;background-position: center !important;background-repeat: no-repeat !important;background-size: cover !important;}&#8220;][vc_column][\/vc_column][\/vc_row][vc_row][vc_column][\/vc_column][\/vc_row] &#8230; <\/p>\n","protected":false},"author":1,"featured_media":0,"parent":0,"menu_order":0,"comment_status":"closed","ping_status":"closed","template":"","meta":[],"_links":{"self":[{"href":"https:\/\/oms-metal.com\/de\/wp-json\/wp\/v2\/pages\/409"}],"collection":[{"href":"https:\/\/oms-metal.com\/de\/wp-json\/wp\/v2\/pages"}],"about":[{"href":"https:\/\/oms-metal.com\/de\/wp-json\/wp\/v2\/types\/page"}],"author":[{"embeddable":true,"href":"https:\/\/oms-metal.com\/de\/wp-json\/wp\/v2\/users\/1"}],"replies":[{"embeddable":true,"href":"https:\/\/oms-metal.com\/de\/wp-json\/wp\/v2\/comments?post=409"}],"version-history":[{"count":4,"href":"https:\/\/oms-metal.com\/de\/wp-json\/wp\/v2\/pages\/409\/revisions"}],"predecessor-version":[{"id":414,"href":"https:\/\/oms-metal.com\/de\/wp-json\/wp\/v2\/pages\/409\/revisions\/414"}],"wp:attachment":[{"href":"https:\/\/oms-metal.com\/de\/wp-json\/wp\/v2\/media?parent=409"}],"curies":[{"name":"wp","href":"https:\/\/api.w.org\/{rel}","templated":true}]}}