{"id":402,"date":"2020-09-23T07:52:08","date_gmt":"2020-09-23T07:52:08","guid":{"rendered":"https:\/\/oms-metal.com\/sustavi-kvaliteta\/"},"modified":"2020-10-20T06:30:38","modified_gmt":"2020-10-20T06:30:38","slug":"qualitaetssysteme","status":"publish","type":"page","link":"https:\/\/oms-metal.com\/de\/qualitat2\/qualitaetssysteme\/","title":{"rendered":"Qualit\u00e4tssysteme"},"content":{"rendered":"<p>[vc_row full_width=&#8220;stretch_row&#8220; css=&#8220;.vc_custom_1600860471544{background-image: url(https:\/\/oms-metal.com\/wp-content\/uploads\/2020\/09\/home-slika.jpg?id=104) !important;background-position: center !important;background-repeat: no-repeat !important;background-size: cover !important;}&#8220;][vc_column]<div class=\"cz_gap clr  hide_on_tablet hide_on_mobile\" style=\"height: 200px\"><\/div><div class=\"cz_gap show_on_tablet clr  show_only_tablet\" style=\"height: 150px\"><\/div><div class=\"cz_gap show_on_mobile clr\" style=\"height: 150px\"><\/div><div id=\"cz_42068\" class=\"cz_42068 cz_title clr cz_title_pos_inline tac\"><div class=\"cz_title_content\"><div class=\"cz_wpe_content\"><h1 style=\"text-align: center;\"><span style=\"color: #ffffff;\">Qualit\u00e4t<\/span><\/h1>\n<\/div><\/div><\/div><div class=\"cz_gap clr  hide_on_tablet hide_on_mobile\" style=\"height: 110px\"><\/div><div class=\"cz_gap show_on_tablet clr  show_only_tablet\" style=\"height: 110px\"><\/div><div class=\"cz_gap show_on_mobile clr\" style=\"height: 75px\"><\/div>[\/vc_column][\/vc_row][vc_row][vc_column]<div class=\"cz_gap clr  hide_on_tablet hide_on_mobile\" style=\"height: 75px\"><\/div><div class=\"cz_gap show_on_tablet clr  show_only_tablet\" style=\"height: 55px\"><\/div><div class=\"cz_gap show_on_mobile clr\" style=\"height: 35px\"><\/div><div id=\"cz_18578\" class=\"cz_18578 cz_title clr cz_title_pos_inline\"><div class=\"cz_title_content\"><div class=\"cz_wpe_content\"><p>Qualit\u00e4ts- und Umweltmanagementsysteme erhalten wir kontinuierlich aufrecht, um bestm\u00f6gliche Arbeitsleistung mit m\u00f6glichst wenigen M\u00e4ngeln zu erreichen und dementsprechend niedrigere Kosten und pr\u00e4zise Lieferungen zu realisieren, was direkt die Zufriedenheit unserer Kunden und ihr Vertrauen beeinflusst.<\/p>\n<\/div><\/div><\/div>[\/vc_column][\/vc_row]<\/p>\n","protected":false},"excerpt":{"rendered":"<p>[vc_row full_width=&#8220;stretch_row&#8220; css=&#8220;.vc_custom_1600860471544{background-image: url(https:\/\/oms-metal.com\/wp-content\/uploads\/2020\/09\/home-slika.jpg?id=104) !important;background-position: center !important;background-repeat: no-repeat !important;background-size: cover !important;}&#8220;][vc_column][\/vc_column][\/vc_row][vc_row][vc_column][\/vc_column][\/vc_row] &#8230; <\/p>\n","protected":false},"author":1,"featured_media":0,"parent":460,"menu_order":0,"comment_status":"closed","ping_status":"closed","template":"","meta":[],"_links":{"self":[{"href":"https:\/\/oms-metal.com\/de\/wp-json\/wp\/v2\/pages\/402"}],"collection":[{"href":"https:\/\/oms-metal.com\/de\/wp-json\/wp\/v2\/pages"}],"about":[{"href":"https:\/\/oms-metal.com\/de\/wp-json\/wp\/v2\/types\/page"}],"author":[{"embeddable":true,"href":"https:\/\/oms-metal.com\/de\/wp-json\/wp\/v2\/users\/1"}],"replies":[{"embeddable":true,"href":"https:\/\/oms-metal.com\/de\/wp-json\/wp\/v2\/comments?post=402"}],"version-history":[{"count":3,"href":"https:\/\/oms-metal.com\/de\/wp-json\/wp\/v2\/pages\/402\/revisions"}],"predecessor-version":[{"id":490,"href":"https:\/\/oms-metal.com\/de\/wp-json\/wp\/v2\/pages\/402\/revisions\/490"}],"up":[{"embeddable":true,"href":"https:\/\/oms-metal.com\/de\/wp-json\/wp\/v2\/pages\/460"}],"wp:attachment":[{"href":"https:\/\/oms-metal.com\/de\/wp-json\/wp\/v2\/media?parent=402"}],"curies":[{"name":"wp","href":"https:\/\/api.w.org\/{rel}","templated":true}]}}