{"id":395,"date":"2020-09-23T11:51:14","date_gmt":"2020-09-23T11:51:14","guid":{"rendered":"https:\/\/oms-metal.com\/savijanje-limova\/"},"modified":"2020-10-20T05:57:06","modified_gmt":"2020-10-20T05:57:06","slug":"blechbiegen","status":"publish","type":"page","link":"https:\/\/oms-metal.com\/de\/blechbiegen\/","title":{"rendered":"Blechbiegen"},"content":{"rendered":"<p>[vc_row full_width=&#8220;stretch_row&#8220; css=&#8220;.vc_custom_1600927924501{background-image: url(https:\/\/oms-metal.com\/wp-content\/uploads\/2020\/09\/Savijanje-metala-title.jpg?id=194) !important;background-position: center !important;background-repeat: no-repeat !important;background-size: cover !important;}&#8220;][vc_column]<div class=\"cz_gap clr  hide_on_tablet hide_on_mobile\" style=\"height: 200px\"><\/div><div class=\"cz_gap show_on_tablet clr  show_only_tablet\" style=\"height: 150px\"><\/div><div class=\"cz_gap show_on_mobile clr\" style=\"height: 150px\"><\/div><div id=\"cz_45219\" class=\"cz_45219 cz_title clr cz_title_pos_inline tac\"><div class=\"cz_title_content\"><div class=\"cz_wpe_content\"><h1 style=\"text-align: center;\"><span style=\"color: #ffffff;\">Blechbiegen<\/span><\/h1>\n<\/div><\/div><\/div><div class=\"cz_gap clr  hide_on_tablet hide_on_mobile\" style=\"height: 110px\"><\/div><div class=\"cz_gap show_on_tablet clr  show_only_tablet\" style=\"height: 110px\"><\/div><div class=\"cz_gap show_on_mobile clr\" style=\"height: 75px\"><\/div>[\/vc_column][\/vc_row][vc_row][vc_column]<div class=\"cz_gap clr  hide_on_tablet hide_on_mobile\" style=\"height: 75px\"><\/div><div class=\"cz_gap show_on_tablet clr  show_only_tablet\" style=\"height: 55px\"><\/div><div class=\"cz_gap show_on_mobile clr\" style=\"height: 35px\"><\/div><div id=\"cz_97555\" class=\"cz_97555 cz_title clr cz_title_pos_inline\"><div class=\"cz_title_content\"><div class=\"cz_wpe_content\"><p>Blechbiegen ist ein anspruchsvolles Verfahren, das die Pr\u00e4zision und Qualit\u00e4t verlangt. Deswegen erbringen wir diese Dienstleistung f\u00fcr Sie mithilfe moderner Maschinen und qualifizierter Mitarbeiter.<br \/>\nModerne Technologie, die wir beim Blechbiegen anwenden, macht auch die Verarbeitung komplizierterer Teile aus gebogenem Blech bzw. Metall m\u00f6glich.<\/p>\n<p>&nbsp;<\/p>\n<p>Unsere Gesch\u00e4ftspolitik, Kompetenz und anerkanntes Qualit\u00e4ts- und Normenmanagementsystem gew\u00e4hrleisten unsere Dienstleistungen.<\/p>\n<p>&nbsp;<\/p>\n<p>Dabei konzentrieren wir uns maximal auf Ihr Projekt und halten die vereinbarten Fristen ein.<\/p>\n<\/div><\/div><\/div>[\/vc_column][\/vc_row]<\/p>\n","protected":false},"excerpt":{"rendered":"<p>[vc_row full_width=&#8220;stretch_row&#8220; css=&#8220;.vc_custom_1600927924501{background-image: url(https:\/\/oms-metal.com\/wp-content\/uploads\/2020\/09\/Savijanje-metala-title.jpg?id=194) !important;background-position: center !important;background-repeat: no-repeat !important;background-size: cover !important;}&#8220;][vc_column][\/vc_column][\/vc_row][vc_row][vc_column][\/vc_column][\/vc_row] &#8230; <\/p>\n","protected":false},"author":1,"featured_media":0,"parent":0,"menu_order":0,"comment_status":"closed","ping_status":"closed","template":"","meta":[],"_links":{"self":[{"href":"https:\/\/oms-metal.com\/de\/wp-json\/wp\/v2\/pages\/395"}],"collection":[{"href":"https:\/\/oms-metal.com\/de\/wp-json\/wp\/v2\/pages"}],"about":[{"href":"https:\/\/oms-metal.com\/de\/wp-json\/wp\/v2\/types\/page"}],"author":[{"embeddable":true,"href":"https:\/\/oms-metal.com\/de\/wp-json\/wp\/v2\/users\/1"}],"replies":[{"embeddable":true,"href":"https:\/\/oms-metal.com\/de\/wp-json\/wp\/v2\/comments?post=395"}],"version-history":[{"count":4,"href":"https:\/\/oms-metal.com\/de\/wp-json\/wp\/v2\/pages\/395\/revisions"}],"predecessor-version":[{"id":430,"href":"https:\/\/oms-metal.com\/de\/wp-json\/wp\/v2\/pages\/395\/revisions\/430"}],"wp:attachment":[{"href":"https:\/\/oms-metal.com\/de\/wp-json\/wp\/v2\/media?parent=395"}],"curies":[{"name":"wp","href":"https:\/\/api.w.org\/{rel}","templated":true}]}}