{"id":385,"date":"2020-09-23T07:51:05","date_gmt":"2020-09-23T07:51:05","guid":{"rendered":"https:\/\/oms-metal.com\/strojna-obrada-metala\/"},"modified":"2020-10-20T05:33:29","modified_gmt":"2020-10-20T05:33:29","slug":"maschinelle-verarbeitung","status":"publish","type":"page","link":"https:\/\/oms-metal.com\/de\/maschinelle-verarbeitung\/","title":{"rendered":"Maschinelle Verarbeitung"},"content":{"rendered":"<p>[vc_row full_width=&#8220;stretch_row&#8220; css=&#8220;.vc_custom_1600860471544{background-image: url(https:\/\/oms-metal.com\/wp-content\/uploads\/2020\/09\/home-slika.jpg?id=104) !important;background-position: center !important;background-repeat: no-repeat !important;background-size: cover !important;}&#8220;][vc_column]<div class=\"cz_gap clr  hide_on_tablet hide_on_mobile\" style=\"height: 200px\"><\/div><div class=\"cz_gap show_on_tablet clr  show_only_tablet\" style=\"height: 150px\"><\/div><div class=\"cz_gap show_on_mobile clr\" style=\"height: 150px\"><\/div><div id=\"cz_80117\" class=\"cz_80117 cz_title clr cz_title_pos_inline tac\"><div class=\"cz_title_content\"><div class=\"cz_wpe_content\"><h1 style=\"text-align: center;\"><span style=\"color: #ffffff;\">Maschinelle Verarbeitung<\/span><\/h1>\n<\/div><\/div><\/div><div class=\"cz_gap clr  hide_on_tablet hide_on_mobile\" style=\"height: 110px\"><\/div><div class=\"cz_gap show_on_tablet clr  show_only_tablet\" style=\"height: 110px\"><\/div><div class=\"cz_gap show_on_mobile clr\" style=\"height: 75px\"><\/div>[\/vc_column][\/vc_row][vc_row][vc_column]<div class=\"cz_gap clr  hide_on_tablet hide_on_mobile\" style=\"height: 75px\"><\/div><div class=\"cz_gap show_on_tablet clr  show_only_tablet\" style=\"height: 55px\"><\/div><div class=\"cz_gap show_on_mobile clr\" style=\"height: 35px\"><\/div><div id=\"cz_47927\" class=\"cz_47927 cz_title clr cz_title_pos_inline\"><div class=\"cz_title_content\"><div class=\"cz_wpe_content\"><p>Wir bieten maschinelle Metallverarbeitung mithilfe moderner und pr\u00e4ziser Maschinen. Au\u00dfer mit CNC-Maschinen sind unsere Produktionskapazit\u00e4ten mit den Maschinen f\u00fcr klassische maschinelle Verarbeitung ausgestattet. Neben der Serien- und Einzelfertigung sind wir auf Ihren Antrag bereit, andere gew\u00fcnschte Produkte der maschinellen Verarbeitung in der Zusammenarbeit mit unseren langj\u00e4hrigen, vertrauten Partnern anzubieten.<\/p>\n<p>&nbsp;<\/p>\n<p>Wenn Sie nach einem zuverl\u00e4ssigen Partner f\u00fcr maschinelle Metallverarbeitung suchen, der seine Aufmerksamkeit maximal Ihrem Projekt widmen wird, k\u00f6nnen Sie sich ruhig mit Vertrauen an uns wenden.<\/p>\n<\/div><\/div><\/div>[\/vc_column][\/vc_row]<\/p>\n","protected":false},"excerpt":{"rendered":"<p>[vc_row full_width=&#8220;stretch_row&#8220; css=&#8220;.vc_custom_1600860471544{background-image: url(https:\/\/oms-metal.com\/wp-content\/uploads\/2020\/09\/home-slika.jpg?id=104) !important;background-position: center !important;background-repeat: no-repeat !important;background-size: cover !important;}&#8220;][vc_column][\/vc_column][\/vc_row][vc_row][vc_column][\/vc_column][\/vc_row] &#8230; <\/p>\n","protected":false},"author":1,"featured_media":0,"parent":0,"menu_order":0,"comment_status":"closed","ping_status":"closed","template":"","meta":[],"_links":{"self":[{"href":"https:\/\/oms-metal.com\/de\/wp-json\/wp\/v2\/pages\/385"}],"collection":[{"href":"https:\/\/oms-metal.com\/de\/wp-json\/wp\/v2\/pages"}],"about":[{"href":"https:\/\/oms-metal.com\/de\/wp-json\/wp\/v2\/types\/page"}],"author":[{"embeddable":true,"href":"https:\/\/oms-metal.com\/de\/wp-json\/wp\/v2\/users\/1"}],"replies":[{"embeddable":true,"href":"https:\/\/oms-metal.com\/de\/wp-json\/wp\/v2\/comments?post=385"}],"version-history":[{"count":3,"href":"https:\/\/oms-metal.com\/de\/wp-json\/wp\/v2\/pages\/385\/revisions"}],"predecessor-version":[{"id":389,"href":"https:\/\/oms-metal.com\/de\/wp-json\/wp\/v2\/pages\/385\/revisions\/389"}],"wp:attachment":[{"href":"https:\/\/oms-metal.com\/de\/wp-json\/wp\/v2\/media?parent=385"}],"curies":[{"name":"wp","href":"https:\/\/api.w.org\/{rel}","templated":true}]}}