{"id":362,"date":"2020-09-23T07:49:35","date_gmt":"2020-09-23T07:49:35","guid":{"rendered":"https:\/\/oms-metal.com\/povijest\/"},"modified":"2020-10-20T05:24:54","modified_gmt":"2020-10-20T05:24:54","slug":"ueber-uns","status":"publish","type":"page","link":"https:\/\/oms-metal.com\/de\/ueber-uns\/","title":{"rendered":"\u00dcber uns"},"content":{"rendered":"<p>[vc_row full_width=&#8220;stretch_row&#8220; css=&#8220;.vc_custom_1600860471544{background-image: url(https:\/\/oms-metal.com\/wp-content\/uploads\/2020\/09\/home-slika.jpg?id=104) !important;background-position: center !important;background-repeat: no-repeat !important;background-size: cover !important;}&#8220;][vc_column]<div class=\"cz_gap clr  hide_on_tablet hide_on_mobile\" style=\"height: 200px\"><\/div><div class=\"cz_gap show_on_tablet clr  show_only_tablet\" style=\"height: 150px\"><\/div><div class=\"cz_gap show_on_mobile clr\" style=\"height: 150px\"><\/div><div id=\"cz_100459\" class=\"cz_100459 cz_title clr cz_title_pos_inline tac\"><div class=\"cz_title_content\"><div class=\"cz_wpe_content\"><h1 style=\"text-align: center;\"><span style=\"color: #ffffff;\">Geschichte<\/span><\/h1>\n<\/div><\/div><\/div><div class=\"cz_gap clr  hide_on_tablet hide_on_mobile\" style=\"height: 110px\"><\/div><div class=\"cz_gap show_on_tablet clr  show_only_tablet\" style=\"height: 110px\"><\/div><div class=\"cz_gap show_on_mobile clr\" style=\"height: 75px\"><\/div>[\/vc_column][\/vc_row][vc_row][vc_column]<div class=\"cz_gap clr  hide_on_tablet hide_on_mobile\" style=\"height: 75px\"><\/div><div class=\"cz_gap show_on_tablet clr  show_only_tablet\" style=\"height: 55px\"><\/div><div class=\"cz_gap show_on_mobile clr\" style=\"height: 35px\"><\/div><div id=\"cz_110074\" class=\"cz_110074 cz_title clr cz_title_pos_inline tac\"><div class=\"cz_title_content\"><div class=\"cz_wpe_content\"><h3 style=\"text-align: center;\">\u00dcber uns<\/h3>\n<p style=\"text-align: center;\">Das Unternehmen wurde im Jahr 2005 gegr\u00fcndet und ist daher sehr gut in seinen professionellen Profilbereich eingebettet sowie immer mehr auf dem internationalen Markt pr\u00e4sent. Vor allem m\u00fcssen wir die Vollst\u00e4ndigkeit unsres Produktionszyklus als Garantie der Genauigkeit und Pr\u00e4zision in allen Phasen des Produktionszyklus betonen, angefangen von der Erstellung der technischen Zeichnungen bis Entstehung des fertigen Produkts.<\/p>\n<\/div><\/div><\/div>[vc_row_inner][vc_column_inner]<div class=\"cz_gap clr  hide_on_tablet hide_on_mobile\" style=\"height: 55px\"><\/div><div class=\"cz_gap show_on_tablet clr  show_only_tablet\" style=\"height: 55px\"><\/div><div class=\"cz_gap show_on_mobile clr\" style=\"height: 55px\"><\/div>[\/vc_column_inner][vc_column_inner width=&#8220;1\/2&#8243;][vc_column_text]<\/p>\n<h3 style=\"text-align: center;\">Unsere mission<\/h3>\n<p style=\"text-align: center;\">Die Qualit\u00e4t ist unsere Priorit\u00e4t und deswegen ist unsere Mission, unseren Kunden eine hohe Qualit\u00e4t im Bereich der metallverarbeitenden Industrie in k\u00fcrzesten Fristen zu Gunsten von zufriedenen Kunden anzubieten.<\/p>\n<p>[\/vc_column_text][\/vc_column_inner][vc_column_inner width=&#8220;1\/2&#8243;][vc_column_text]<\/p>\n<h3 style=\"text-align: center;\">Unsere vision<\/h3>\n<p style=\"text-align: center;\">Wir m\u00f6chten auf dem internationalen Markt eines der f\u00fchrenden Unternehmen f\u00fcr Erbringung von Dienstleistungen im Bereich der Metallbearbeitung von hoher Qualit\u00e4t werden, was wir durch Erweiterung unseres Maschinenparks, Arbeitsbereichs und Personals erzielen.<\/p>\n<p>[\/vc_column_text][\/vc_column_inner][\/vc_row_inner][\/vc_column][vc_column][\/vc_column][\/vc_row]<\/p>\n","protected":false},"excerpt":{"rendered":"<p>[vc_row full_width=&#8220;stretch_row&#8220; css=&#8220;.vc_custom_1600860471544{background-image: url(https:\/\/oms-metal.com\/wp-content\/uploads\/2020\/09\/home-slika.jpg?id=104) !important;background-position: center !important;background-repeat: no-repeat !important;background-size: cover !important;}&#8220;][vc_column][\/vc_column][\/vc_row][vc_row][vc_column][vc_row_inner][vc_column_inner][\/vc_column_inner][vc_column_inner &#8230; <\/p>\n","protected":false},"author":1,"featured_media":0,"parent":0,"menu_order":0,"comment_status":"closed","ping_status":"closed","template":"","meta":[],"_links":{"self":[{"href":"https:\/\/oms-metal.com\/de\/wp-json\/wp\/v2\/pages\/362"}],"collection":[{"href":"https:\/\/oms-metal.com\/de\/wp-json\/wp\/v2\/pages"}],"about":[{"href":"https:\/\/oms-metal.com\/de\/wp-json\/wp\/v2\/types\/page"}],"author":[{"embeddable":true,"href":"https:\/\/oms-metal.com\/de\/wp-json\/wp\/v2\/users\/1"}],"replies":[{"embeddable":true,"href":"https:\/\/oms-metal.com\/de\/wp-json\/wp\/v2\/comments?post=362"}],"version-history":[{"count":5,"href":"https:\/\/oms-metal.com\/de\/wp-json\/wp\/v2\/pages\/362\/revisions"}],"predecessor-version":[{"id":371,"href":"https:\/\/oms-metal.com\/de\/wp-json\/wp\/v2\/pages\/362\/revisions\/371"}],"wp:attachment":[{"href":"https:\/\/oms-metal.com\/de\/wp-json\/wp\/v2\/media?parent=362"}],"curies":[{"name":"wp","href":"https:\/\/api.w.org\/{rel}","templated":true}]}}